{"id":17,"date":"2021-05-28T17:30:56","date_gmt":"2021-05-28T15:30:56","guid":{"rendered":"http:\/\/diagexpertaquitaine.fr\/?page_id=17"},"modified":"2021-11-04T12:05:15","modified_gmt":"2021-11-04T11:05:15","slug":"le-nouveau-e-mucem-ouvre-ses-portes-2","status":"publish","type":"page","link":"https:\/\/diagexpertaquitaine.fr\/","title":{"rendered":"Demande de devis gratuit"},"content":{"rendered":"\n<div class=\"wp-container-1 wp-block-group alignwide\"><div class=\"wp-block-group__inner-container\">\n<h2 class=\"has-text-align-center has-medium-font-size\">&#8211; Par t\u00e9l\u00e9phone (appel ou SMS) au 06.75.01.24.52  <\/h2>\n\n\n\n<h2 class=\"has-text-align-center has-medium-font-size\"> &#8211; Par email <a href=\"contact@diagexpertaquitaine.fr\">contact@diagexpertaquitaine.fr <\/a><\/h2>\n\n\n\n<h2 class=\"has-text-align-center has-medium-font-size\">Ou en remplissant le formulaire ci-dessous : <\/h2>\n\n\n<div class=\"wpforms-container wpforms-container-full wpforms-block\" id=\"wpforms-62\"><form id=\"wpforms-form-62\" class=\"wpforms-validate wpforms-form\" data-formid=\"62\" method=\"post\" enctype=\"multipart\/form-data\" action=\"\/index.php\/wp-json\/wp\/v2\/pages\/17\" data-token=\"65b5ecd2fb625c960e83d0a442125432\" data-token-time=\"1776138464\"><noscript class=\"wpforms-error-noscript\">Please enable JavaScript in your browser to complete this form.<\/noscript><div class=\"wpforms-field-container\"><div id=\"wpforms-62-field_11-container\" class=\"wpforms-field wpforms-field-radio\" data-field-id=\"11\"><label class=\"wpforms-field-label\">Type de bien<\/label><ul id=\"wpforms-62-field_11\"><li class=\"choice-1 depth-1\"><input type=\"radio\" id=\"wpforms-62-field_11_1\" name=\"wpforms[fields][11]\" value=\"Appartement\"  ><label class=\"wpforms-field-label-inline\" for=\"wpforms-62-field_11_1\">Appartement<\/label><\/li><li class=\"choice-2 depth-1\"><input type=\"radio\" id=\"wpforms-62-field_11_2\" name=\"wpforms[fields][11]\" value=\"Maison\"  ><label class=\"wpforms-field-label-inline\" for=\"wpforms-62-field_11_2\">Maison<\/label><\/li><\/ul><\/div><div id=\"wpforms-62-field_1-container\" class=\"wpforms-field wpforms-field-radio\" data-field-id=\"1\"><label class=\"wpforms-field-label\">Motif des diagnostics <span class=\"wpforms-required-label\">*<\/span><\/label><ul id=\"wpforms-62-field_1\" class=\"wpforms-field-required\"><li class=\"choice-1 depth-1\"><input type=\"radio\" id=\"wpforms-62-field_1_1\" name=\"wpforms[fields][1]\" value=\"Vente\" required ><label class=\"wpforms-field-label-inline\" for=\"wpforms-62-field_1_1\">Vente<\/label><\/li><li class=\"choice-2 depth-1\"><input type=\"radio\" id=\"wpforms-62-field_1_2\" name=\"wpforms[fields][1]\" value=\"Location\" required ><label class=\"wpforms-field-label-inline\" for=\"wpforms-62-field_1_2\">Location<\/label><\/li><\/ul><\/div><div id=\"wpforms-62-field_3-container\" class=\"wpforms-field wpforms-field-text\" data-field-id=\"3\"><label class=\"wpforms-field-label\" for=\"wpforms-62-field_3\">Surface du bien <span class=\"wpforms-required-label\">*<\/span><\/label><input type=\"text\" id=\"wpforms-62-field_3\" class=\"wpforms-field-medium wpforms-field-required\" name=\"wpforms[fields][3]\" required><\/div><div id=\"wpforms-62-field_9-container\" class=\"wpforms-field wpforms-field-radio\" data-field-id=\"9\"><label class=\"wpforms-field-label\">Installation gaz de plus de 15 ans ? <span class=\"wpforms-required-label\">*<\/span><\/label><ul id=\"wpforms-62-field_9\" class=\"wpforms-field-required\"><li class=\"choice-1 depth-1\"><input type=\"radio\" id=\"wpforms-62-field_9_1\" name=\"wpforms[fields][9]\" value=\"OUI\" required ><label class=\"wpforms-field-label-inline\" for=\"wpforms-62-field_9_1\">OUI<\/label><\/li><li class=\"choice-2 depth-1\"><input type=\"radio\" id=\"wpforms-62-field_9_2\" name=\"wpforms[fields][9]\" value=\"NON\" required ><label class=\"wpforms-field-label-inline\" for=\"wpforms-62-field_9_2\">NON<\/label><\/li><\/ul><\/div><div id=\"wpforms-62-field_4-container\" class=\"wpforms-field wpforms-field-text\" data-field-id=\"4\"><label class=\"wpforms-field-label\" for=\"wpforms-62-field_4\">Date permis de construire du bien <span class=\"wpforms-required-label\">*<\/span><\/label><input type=\"text\" id=\"wpforms-62-field_4\" class=\"wpforms-field-medium wpforms-field-required\" name=\"wpforms[fields][4]\" required><div class=\"wpforms-field-description\">Merci d&#8217;indiquer la date au format suivant : \r\njour\/mois\/ann\u00e9e<\/div><\/div><div id=\"wpforms-62-field_6-container\" class=\"wpforms-field wpforms-field-text\" data-field-id=\"6\"><label class=\"wpforms-field-label\" for=\"wpforms-62-field_6\">Adresse du bien et code postal <span class=\"wpforms-required-label\">*<\/span><\/label><input type=\"text\" id=\"wpforms-62-field_6\" class=\"wpforms-field-medium wpforms-field-required\" name=\"wpforms[fields][6]\" required><\/div><div id=\"wpforms-62-field_8-container\" class=\"wpforms-field wpforms-field-name\" data-field-id=\"8\"><label class=\"wpforms-field-label\">Pr\u00e9nom et Nom propri\u00e9taire <span class=\"wpforms-required-label\">*<\/span><\/label><div class=\"wpforms-field-row wpforms-field-medium\"><div class=\"wpforms-field-row-block wpforms-first wpforms-one-half\"><input type=\"text\" id=\"wpforms-62-field_8\" class=\"wpforms-field-name-first wpforms-field-required\" name=\"wpforms[fields][8][first]\" required><label for=\"wpforms-62-field_8\" class=\"wpforms-field-sublabel after\">First<\/label><\/div><div class=\"wpforms-field-row-block wpforms-one-half\"><input type=\"text\" id=\"wpforms-62-field_8-last\" class=\"wpforms-field-name-last wpforms-field-required\" name=\"wpforms[fields][8][last]\" required><label for=\"wpforms-62-field_8-last\" class=\"wpforms-field-sublabel after\">Last<\/label><\/div><\/div><\/div><div id=\"wpforms-62-field_12-container\" class=\"wpforms-field wpforms-field-text\" data-field-id=\"12\"><label class=\"wpforms-field-label\" for=\"wpforms-62-field_12\">Num\u00e9ro de t\u00e9l\u00e9phone Propri\u00e9taire<\/label><input type=\"text\" id=\"wpforms-62-field_12\" class=\"wpforms-field-medium\" name=\"wpforms[fields][12]\" ><\/div><div id=\"wpforms-62-field_7-container\" class=\"wpforms-field wpforms-field-email\" data-field-id=\"7\"><label class=\"wpforms-field-label\" for=\"wpforms-62-field_7\">E-mail propri\u00e9taire <span class=\"wpforms-required-label\">*<\/span><\/label><input type=\"email\" id=\"wpforms-62-field_7\" class=\"wpforms-field-medium wpforms-field-required\" name=\"wpforms[fields][7]\" spellcheck=\"false\" required><\/div><div id=\"wpforms-62-field_13-container\" class=\"wpforms-field wpforms-field-text\" data-field-id=\"13\"><label class=\"wpforms-field-label\" for=\"wpforms-62-field_13\">Num\u00e9ro de t\u00e9l\u00e9phone locataire (si concern\u00e9 pour prise de rdv)<\/label><input type=\"text\" id=\"wpforms-62-field_13\" class=\"wpforms-field-medium\" name=\"wpforms[fields][13]\" ><\/div><\/div><!-- .wpforms-field-container --><div class=\"wpforms-submit-container\" ><input type=\"hidden\" name=\"wpforms[id]\" value=\"62\"><input type=\"hidden\" name=\"page_title\" value=\"\"><input type=\"hidden\" name=\"page_url\" value=\"https:\/\/diagexpertaquitaine.fr\/index.php\/wp-json\/wp\/v2\/pages\/17\"><input type=\"hidden\" name=\"url_referer\" value=\"\"><button type=\"submit\" name=\"wpforms[submit]\" id=\"wpforms-submit-62\" class=\"wpforms-submit\" data-alt-text=\"Envoi...\" data-submit-text=\"Envoyer\" aria-live=\"assertive\" value=\"wpforms-submit\">Envoyer<\/button><\/div><\/form><\/div>  <!-- .wpforms-container --><\/div><\/div>\n\n\n\n<div class=\"wp-block-columns alignwide\">\n<div class=\"wp-block-column\">\n<div class=\"wp-container-2 wp-block-group\"><div class=\"wp-block-group__inner-container\"><\/div><\/div>\n\n\n\n<div class=\"wp-container-3 wp-block-group\"><div class=\"wp-block-group__inner-container\"><\/div><\/div>\n<\/div>\n\n\n\n<div class=\"wp-block-column\"><\/div>\n<\/div>\n\n\n\n<div class=\"wp-container-4 wp-block-group alignwide\"><div class=\"wp-block-group__inner-container\"><\/div><\/div>\n\n\n\n<p><\/p>\n\n\n\n<p><\/p>\n","protected":false},"excerpt":{"rendered":"<p>&#8211; Par t\u00e9l\u00e9phone (appel ou SMS) au 06.75.01.24.52 &#8211; Par email contact@diagexpertaquitaine.fr Ou en remplissant le formulaire ci-dessous :<\/p>\n","protected":false},"author":1,"featured_media":16,"parent":0,"menu_order":0,"comment_status":"closed","ping_status":"closed","template":"","meta":[],"_links":{"self":[{"href":"https:\/\/diagexpertaquitaine.fr\/index.php\/wp-json\/wp\/v2\/pages\/17"}],"collection":[{"href":"https:\/\/diagexpertaquitaine.fr\/index.php\/wp-json\/wp\/v2\/pages"}],"about":[{"href":"https:\/\/diagexpertaquitaine.fr\/index.php\/wp-json\/wp\/v2\/types\/page"}],"author":[{"embeddable":true,"href":"https:\/\/diagexpertaquitaine.fr\/index.php\/wp-json\/wp\/v2\/users\/1"}],"replies":[{"embeddable":true,"href":"https:\/\/diagexpertaquitaine.fr\/index.php\/wp-json\/wp\/v2\/comments?post=17"}],"version-history":[{"count":9,"href":"https:\/\/diagexpertaquitaine.fr\/index.php\/wp-json\/wp\/v2\/pages\/17\/revisions"}],"predecessor-version":[{"id":94,"href":"https:\/\/diagexpertaquitaine.fr\/index.php\/wp-json\/wp\/v2\/pages\/17\/revisions\/94"}],"wp:featuredmedia":[{"embeddable":true,"href":"https:\/\/diagexpertaquitaine.fr\/index.php\/wp-json\/wp\/v2\/media\/16"}],"wp:attachment":[{"href":"https:\/\/diagexpertaquitaine.fr\/index.php\/wp-json\/wp\/v2\/media?parent=17"}],"curies":[{"name":"wp","href":"https:\/\/api.w.org\/{rel}","templated":true}]}}